{"id":638,"date":"2026-02-02T05:03:41","date_gmt":"2026-02-02T05:03:41","guid":{"rendered":"https:\/\/ltperfumeriacr.com\/?post_type=product&#038;p=638"},"modified":"2026-02-02T05:56:17","modified_gmt":"2026-02-02T05:56:17","slug":"team-force","status":"publish","type":"product","link":"https:\/\/ltperfumeriacr.com\/index.php\/producto\/team-force\/","title":{"rendered":"Team Force"},"content":{"rendered":"<p data-start=\"440\" data-end=\"643\">Energ\u00eda, car\u00e1cter y liderazgo en cada aplicaci\u00f3n. <strong data-start=\"519\" data-end=\"533\">Team Force<\/strong> es una fragancia fresca y amaderada pensada para hombres activos que avanzan con decisi\u00f3n y actitud ganadora.<\/p>\n","protected":false},"excerpt":{"rendered":"<p data-start=\"440\" data-end=\"643\">Energ\u00eda, car\u00e1cter y liderazgo en cada aplicaci\u00f3n. <strong data-start=\"519\" data-end=\"533\">Team Force<\/strong> es una fragancia fresca y amaderada pensada para hombres activos que avanzan con decisi\u00f3n y actitud ganadora.<\/p>\n","protected":false},"featured_media":639,"template":"","meta":[],"pwb-brand":[163],"product_brand":[116],"product_cat":[48],"product_tag":[],"class_list":{"0":"post-638","1":"product","2":"type-product","3":"status-publish","4":"has-post-thumbnail","6":"pwb-brand-adidas","7":"product_brand-adidas","8":"product_cat-perfumes-para-hombre","9":"pa_familia-olfativa-amaderada-aromatica","10":"pa_genero-hombre","11":"pa_intensidad-media","12":"pa_temporada-todo-el-ano","13":"pa_tipo-de-fragancia-eau-de-toilette-edt","14":"entry","15":"has-media","17":"first","18":"instock","19":"shipping-taxable","20":"product-type-simple"},"brands":[{"id":163,"name":"Adidas","slug":"adidas"}],"_links":{"self":[{"href":"https:\/\/ltperfumeriacr.com\/index.php\/wp-json\/wp\/v2\/product\/638","targetHints":{"allow":["GET"]}}],"collection":[{"href":"https:\/\/ltperfumeriacr.com\/index.php\/wp-json\/wp\/v2\/product"}],"about":[{"href":"https:\/\/ltperfumeriacr.com\/index.php\/wp-json\/wp\/v2\/types\/product"}],"wp:featuredmedia":[{"embeddable":true,"href":"https:\/\/ltperfumeriacr.com\/index.php\/wp-json\/wp\/v2\/media\/639"}],"wp:attachment":[{"href":"https:\/\/ltperfumeriacr.com\/index.php\/wp-json\/wp\/v2\/media?parent=638"}],"wp:term":[{"taxonomy":"pwb-brand","embeddable":true,"href":"https:\/\/ltperfumeriacr.com\/index.php\/wp-json\/wp\/v2\/pwb-brand?post=638"},{"taxonomy":"product_brand","embeddable":true,"href":"https:\/\/ltperfumeriacr.com\/index.php\/wp-json\/wp\/v2\/product_brand?post=638"},{"taxonomy":"product_cat","embeddable":true,"href":"https:\/\/ltperfumeriacr.com\/index.php\/wp-json\/wp\/v2\/product_cat?post=638"},{"taxonomy":"product_tag","embeddable":true,"href":"https:\/\/ltperfumeriacr.com\/index.php\/wp-json\/wp\/v2\/product_tag?post=638"}],"curies":[{"name":"wp","href":"https:\/\/api.w.org\/{rel}","templated":true}]}}